{"id":82475,"date":"2022-02-02T15:25:43","date_gmt":"2022-02-02T14:25:43","guid":{"rendered":"https:\/\/brightservices.io\/pt\/?page_id=82475"},"modified":"2023-01-06T16:22:47","modified_gmt":"2023-01-06T15:22:47","slug":"login-register","status":"publish","type":"page","link":"https:\/\/brightservices.io\/pt\/pt\/login-register\/","title":{"rendered":"Login \/ Registro"},"content":{"rendered":"\n<div id=\"section-g07fcff\" class=\"wp-block-gutentor-e6 section-g07fcff gutentor-element gutentor-element-image text-align-center-desktop\"><div class=\"gutentor-element-image-box\"><div class=\"gutentor-image-thumb\"><img class=\"normal-image\" src=\"https:\/\/brightservices.io\/pt\/wp-content\/uploads\/sites\/86\/2022\/01\/6343845-e1643044632271.jpg\"\/><\/div><\/div><\/div>\n\n\n\n<p><\/p>\n\n\n\n<p class=\"has-text-align-center has-text-color\" style=\"color:#7f7f7f;font-size:25px\">A op\u00e7\u00e3o que selecionou obriga ao registo pr\u00e9vio como utilizador. Para continuar, efetue o seu registo ou inicie sess\u00e3o se j\u00e1 estiver registado.<\/p>\n\n\n\n<p><\/p>\n","protected":false},"excerpt":{"rendered":"<p>A op\u00e7\u00e3o que selecionou obriga ao registo pr\u00e9vio como utilizador. Para continuar, efetue o seu registo ou inicie sess\u00e3o se [&hellip;]<\/p>\n","protected":false},"author":3126,"featured_media":0,"parent":0,"menu_order":0,"comment_status":"closed","ping_status":"closed","template":"page-login-register.php","meta":[],"yoast_head":"<!-- This site is optimized with the Yoast SEO plugin v19.2 - https:\/\/yoast.com\/wordpress\/plugins\/seo\/ -->\n<title>Login \/ Registro - Bright Services PT<\/title>\n<meta name=\"robots\" content=\"index, follow, max-snippet:-1, max-image-preview:large, max-video-preview:-1\" \/>\n<link rel=\"canonical\" href=\"https:\/\/brightservices.io\/pt\/pt\/login-register\/\" \/>\n<meta property=\"og:locale\" content=\"en_US\" \/>\n<meta property=\"og:type\" content=\"article\" \/>\n<meta property=\"og:title\" content=\"Login \/ Registro - Bright Services PT\" \/>\n<meta property=\"og:description\" content=\"A op\u00e7\u00e3o que selecionou obriga ao registo pr\u00e9vio como utilizador. Para continuar, efetue o seu registo ou inicie sess\u00e3o se [&hellip;]\" \/>\n<meta property=\"og:url\" content=\"https:\/\/brightservices.io\/pt\/pt\/login-register\/\" \/>\n<meta property=\"og:site_name\" content=\"Bright Services PT\" \/>\n<meta property=\"article:modified_time\" content=\"2023-01-06T15:22:47+00:00\" \/>\n<meta property=\"og:image\" content=\"https:\/\/brightservices.io\/pt\/wp-content\/uploads\/sites\/86\/2022\/01\/6343845-e1643044632271.jpg\" \/>\n<meta name=\"author\" content=\"CLEVERSON VIEIRA\" \/>\n<meta name=\"twitter:card\" content=\"summary_large_image\" \/>\n<meta name=\"twitter:label1\" content=\"Est. reading time\" \/>\n\t<meta name=\"twitter:data1\" content=\"1 minute\" \/>\n<script type=\"application\/ld+json\" class=\"yoast-schema-graph\">{\"@context\":\"https:\/\/schema.org\",\"@graph\":[{\"@type\":\"WebSite\",\"@id\":\"https:\/\/brightservices.io\/pt\/#website\",\"url\":\"https:\/\/brightservices.io\/pt\/\",\"name\":\"Bright Services PT\",\"description\":\"\",\"potentialAction\":[{\"@type\":\"SearchAction\",\"target\":{\"@type\":\"EntryPoint\",\"urlTemplate\":\"https:\/\/brightservices.io\/pt\/?s={search_term_string}\"},\"query-input\":\"required name=search_term_string\"}],\"inLanguage\":\"en-US\"},{\"@type\":\"ImageObject\",\"inLanguage\":\"en-US\",\"@id\":\"https:\/\/brightservices.io\/pt\/pt\/login-register\/#primaryimage\",\"url\":\"https:\/\/brightservices.io\/pt\/wp-content\/uploads\/sites\/86\/2022\/01\/6343845-e1643044632271.jpg\",\"contentUrl\":\"https:\/\/brightservices.io\/pt\/wp-content\/uploads\/sites\/86\/2022\/01\/6343845-e1643044632271.jpg\"},{\"@type\":\"WebPage\",\"@id\":\"https:\/\/brightservices.io\/pt\/pt\/login-register\/#webpage\",\"url\":\"https:\/\/brightservices.io\/pt\/pt\/login-register\/\",\"name\":\"Login \/ Registro - Bright Services PT\",\"isPartOf\":{\"@id\":\"https:\/\/brightservices.io\/pt\/#website\"},\"primaryImageOfPage\":{\"@id\":\"https:\/\/brightservices.io\/pt\/pt\/login-register\/#primaryimage\"},\"datePublished\":\"2022-02-02T14:25:43+00:00\",\"dateModified\":\"2023-01-06T15:22:47+00:00\",\"breadcrumb\":{\"@id\":\"https:\/\/brightservices.io\/pt\/pt\/login-register\/#breadcrumb\"},\"inLanguage\":\"en-US\",\"potentialAction\":[{\"@type\":\"ReadAction\",\"target\":[\"https:\/\/brightservices.io\/pt\/pt\/login-register\/\"]}]},{\"@type\":\"BreadcrumbList\",\"@id\":\"https:\/\/brightservices.io\/pt\/pt\/login-register\/#breadcrumb\",\"itemListElement\":[{\"@type\":\"ListItem\",\"position\":1,\"name\":\"Login \/ Registro\"}]}]}<\/script>\n<!-- \/ Yoast SEO plugin. -->","yoast_head_json":{"title":"Login \/ Registro - Bright Services PT","robots":{"index":"index","follow":"follow","max-snippet":"max-snippet:-1","max-image-preview":"max-image-preview:large","max-video-preview":"max-video-preview:-1"},"canonical":"https:\/\/brightservices.io\/pt\/pt\/login-register\/","og_locale":"en_US","og_type":"article","og_title":"Login \/ Registro - Bright Services PT","og_description":"A op\u00e7\u00e3o que selecionou obriga ao registo pr\u00e9vio como utilizador. Para continuar, efetue o seu registo ou inicie sess\u00e3o se [&hellip;]","og_url":"https:\/\/brightservices.io\/pt\/pt\/login-register\/","og_site_name":"Bright Services PT","article_modified_time":"2023-01-06T15:22:47+00:00","og_image":[{"url":"https:\/\/brightservices.io\/pt\/wp-content\/uploads\/sites\/86\/2022\/01\/6343845-e1643044632271.jpg"}],"author":"CLEVERSON VIEIRA","twitter_card":"summary_large_image","twitter_misc":{"Est. reading time":"1 minute"},"schema":{"@context":"https:\/\/schema.org","@graph":[{"@type":"WebSite","@id":"https:\/\/brightservices.io\/pt\/#website","url":"https:\/\/brightservices.io\/pt\/","name":"Bright Services PT","description":"","potentialAction":[{"@type":"SearchAction","target":{"@type":"EntryPoint","urlTemplate":"https:\/\/brightservices.io\/pt\/?s={search_term_string}"},"query-input":"required name=search_term_string"}],"inLanguage":"en-US"},{"@type":"ImageObject","inLanguage":"en-US","@id":"https:\/\/brightservices.io\/pt\/pt\/login-register\/#primaryimage","url":"https:\/\/brightservices.io\/pt\/wp-content\/uploads\/sites\/86\/2022\/01\/6343845-e1643044632271.jpg","contentUrl":"https:\/\/brightservices.io\/pt\/wp-content\/uploads\/sites\/86\/2022\/01\/6343845-e1643044632271.jpg"},{"@type":"WebPage","@id":"https:\/\/brightservices.io\/pt\/pt\/login-register\/#webpage","url":"https:\/\/brightservices.io\/pt\/pt\/login-register\/","name":"Login \/ Registro - Bright Services PT","isPartOf":{"@id":"https:\/\/brightservices.io\/pt\/#website"},"primaryImageOfPage":{"@id":"https:\/\/brightservices.io\/pt\/pt\/login-register\/#primaryimage"},"datePublished":"2022-02-02T14:25:43+00:00","dateModified":"2023-01-06T15:22:47+00:00","breadcrumb":{"@id":"https:\/\/brightservices.io\/pt\/pt\/login-register\/#breadcrumb"},"inLanguage":"en-US","potentialAction":[{"@type":"ReadAction","target":["https:\/\/brightservices.io\/pt\/pt\/login-register\/"]}]},{"@type":"BreadcrumbList","@id":"https:\/\/brightservices.io\/pt\/pt\/login-register\/#breadcrumb","itemListElement":[{"@type":"ListItem","position":1,"name":"Login \/ Registro"}]}]}},"_links":{"self":[{"href":"https:\/\/brightservices.io\/pt\/wp-json\/wp\/v2\/pages\/82475"}],"collection":[{"href":"https:\/\/brightservices.io\/pt\/wp-json\/wp\/v2\/pages"}],"about":[{"href":"https:\/\/brightservices.io\/pt\/wp-json\/wp\/v2\/types\/page"}],"author":[{"embeddable":true,"href":"https:\/\/brightservices.io\/pt\/wp-json\/wp\/v2\/users\/3126"}],"replies":[{"embeddable":true,"href":"https:\/\/brightservices.io\/pt\/wp-json\/wp\/v2\/comments?post=82475"}],"version-history":[{"count":0,"href":"https:\/\/brightservices.io\/pt\/wp-json\/wp\/v2\/pages\/82475\/revisions"}],"wp:attachment":[{"href":"https:\/\/brightservices.io\/pt\/wp-json\/wp\/v2\/media?parent=82475"}],"curies":[{"name":"wp","href":"https:\/\/api.w.org\/{rel}","templated":true}]}}