{"id":4901,"date":"2020-04-29T17:10:52","date_gmt":"2020-04-29T17:10:52","guid":{"rendered":"http:\/\/idealbiz.lc\/pt\/?page_id=4901"},"modified":"2022-05-24T11:08:04","modified_gmt":"2022-05-24T10:08:04","slug":"politica-de-privacidade","status":"publish","type":"page","link":"https:\/\/brightservices.io\/pt\/pt\/politica-de-privacidade\/","title":{"rendered":"Pol\u00edtica de Privacidade"},"content":{"rendered":"\n<div id=\"section-geaea78\" class=\"wp-block-gutentor-e1 section-geaea78 gutentor-element gutentor-element-advanced-text text-align-justify-desktop\"><div class=\"gutentor-text-wrap\"><p class=\"gutentor-text\">A iDealbiz, S.A. assume o integral respeito pela privacidade, prote\u00e7\u00e3o dos dados pessoais e o cumprimento do Regulamento Geral de Prote\u00e7\u00e3o de Dados Pessoais, assim como da Lei n.\u00ba 58\/2019, de 8 de agosto.<br><br>As nossas pol\u00edticas de privacidade descrevem quem somos, a finalidade do tratamento dos dados pessoais, como \u00e9 efetuado o tratamento de dados pessoais, o tempo pelo qual s\u00e3o conservados, os direitos dos titulares dos dados pessoais e a forma destes entrarem em contacto com o respons\u00e1vel pelo tratamento.\u00a0<br><br>O titular dos dados pessoais autoriza o respetivo tratamento por parte da iDealBiz, S.A.\u00a0<br><br>A navega\u00e7\u00e3o, ades\u00e3o, registo e utiliza\u00e7\u00e3o desta plataforma est\u00e1 dependente da aceita\u00e7\u00e3o das pol\u00edticas de privacidade. Se n\u00e3o concordar as mesmas deve de imediato abandonar.<br><br>A iDealBiz, S.A., n\u00e3o \u00e9 respons\u00e1vel perante qualquer membro ou utilizador por qualquer dano decorrente do uso ou divulga\u00e7\u00e3o indevida das informa\u00e7\u00f5es constante na plataforma.<br><br>Quem somos<br><br>1. A iDealBiz, S.A., com sede no Eirena Business Center, Rua Casal Cego CCI, 2420-315 Marrazes, Leiria, e pessoa coletiva n\u00famero 515\u00a0242\u00a0438, concebeu e promove e gere a Plataforma iDealBiz.\u00a0\u00a0<br><br>2. A iDealBiz, S.A. \u00e9 a respons\u00e1vel pelo tratamento de dados pessoais.<br><br>Dados Recolhidos<br><br>A iDealBiz, S.A., recolhe os seguintes dados pessoais dos membros: nome completo; endere\u00e7o eletr\u00f3nico; n\u00famero de telem\u00f3vel; n\u00famero de identifica\u00e7\u00e3o fiscal; n\u00famero do documento de identifica\u00e7\u00e3o, nomeadamente do cart\u00e3o de cidad\u00e3o ou do passaporte; morada; dados de pagamento conforme estabelecido nos termos e condi\u00e7\u00f5es, dados relativos ao percurso profissional, acad\u00e9mico, fotografia, dados de valida\u00e7\u00e3o de conta.\u00a0<br><br>A iDealBiz.SA., recolhe os seguintes dados pessoais dos utilizadores: nome completo; endere\u00e7o eletr\u00f3nico; n\u00famero de telem\u00f3vel; n\u00famero de identifica\u00e7\u00e3o fiscal; morada; dados de pagamento.<br><br>\u00c9 anda previs\u00edvel a recolha de informa\u00e7\u00f5es adicionais sobre os membros. Estas informa\u00e7\u00f5es podem ser obtidas diretamente dos pr\u00f3prios ou de terceiros. \u00a0<br><br>O acesso \u00e0 conta e respetiva utiliza\u00e7\u00e3o \u00e9 realizada mediante um nome de entrada e de uma palavra-passe.\u00a0<br><br>Recolha de informa\u00e7\u00f5es<br><br>As informa\u00e7\u00f5es recolhidas s\u00e3o as disponibilizadas pelo utilizador no momento da ades\u00e3o ou do registo, ou quando existe uma intera\u00e7\u00e3o com a plataforma e exista a necessidade de fornecer alguns dados b\u00e1sicos.<br><br>Ao iniciar uma sess\u00e3o na respetiva conta de membro ou de utilizador os identificadores de dispositivo s\u00e3o associados \u00e0 sua conta.<br><br>Dados que recolhemos de forma autom\u00e1tica\u00a0<br><br>Ao navegar e utilizar o nosso\u00a0website\u00a0recolhemos informa\u00e7\u00e3o espec\u00edfica sobre o dispositivo, como a vers\u00e3o do sistema operativo, identificadores espec\u00edficos, o nome da rede m\u00f3vel que utiliza, endere\u00e7o IP, p\u00e1ginas acedidas, respetiva localiza\u00e7\u00e3o, as defini\u00e7\u00f5es de idioma do seu dispositivo, marca e tipo do mesmo, sistema operativo e vers\u00e3o do mesmo, tipo e vers\u00e3o do navegador (browser) e informa\u00e7\u00e3o espec\u00edfica sobre o\u00a0software\u00a0do dispositivo, tal como fontes, fuso hor\u00e1rio do sistema e navegador, formatos v\u00eddeo e \u00e1udio dispon\u00edveis.<br><br>Estes registos de atividades ser\u00e3o utilizados para controlo de sess\u00e3o, facilitando futuro acesso, para fins estat\u00edsticos, de m\u00e9tricas dos servi\u00e7os disponibilizados, para publicidade e se necess\u00e1rio por motivos judiciais.<br><br>N\u00e3o h\u00e1 identifica\u00e7\u00e3o de utilizador\/visitante no caso previsto em cima, exceto quando os dados de IP estejam vinculados \u00e0 conta.<br><br>Tratamento de Dados Pessoais<br><br>A iDealBiz, S.A. procede ao tratamento de dados pessoais, nos termos da legisla\u00e7\u00e3o aplic\u00e1vel, com a finalidade de proceder \u00e0 ades\u00e3o dos membros, registo de utilizadores, disponibilizar produtos e servi\u00e7os aos aderentes \u00e0 plataforma assim como aos utilizadores e ainda para execu\u00e7\u00e3o do contrato de ades\u00e3o com os membros. \u00a0<br><br>S\u00e3o ainda finalidades adicionais do tratamento de dados pessoais a cria\u00e7\u00e3o de uma conta, o acesso \u00e0 conta, a publica\u00e7\u00e3o de an\u00fancios, solicitar contactos, a inser\u00e7\u00e3o e envio de formul\u00e1rios e de e-mails de contacto.<br><br>Para al\u00e9m do prop\u00f3sito de tratamento de dados pessoais acima referidos a iDealBiz, S.A., procede ao tratamento dos dados no cumprimento obriga\u00e7\u00f5es legais e ainda com fundamento num interesse leg\u00edtimo.<br><br>Considera-se como fundamento de interesse leg\u00edtimo o desenvolvimento e melhoria dos nossos produtos e servi\u00e7os.<br><br>Podemos partilhar ainda os dados pessoais para melhorar os nossos produtos e servi\u00e7os ap\u00f3s o seu consentimento.<br><br>N\u00e3o compartilhamos dados pessoais que tenha optado por n\u00e3o divulgar no seu perfil, a menos que obrigados por lei ou ordem judicial, ou conforme seja necess\u00e1rio para fazer valer os nossos direitos ou para seguran\u00e7a da plataforma, dos membros, utilizadores e do p\u00fablico.<br><br>No caso de elimina\u00e7\u00e3o da conta, algumas das informa\u00e7\u00f5es relativas aos titulares dos dados pessoais podem continuar na nossa base de dados com a finalidade de seguran\u00e7a ou para atender a quest\u00f5es legais ou judiciais.<br><br>Os dados pessoais s\u00e3o igualmente tratados para melhorar a experi\u00eancia interativa durante a navega\u00e7\u00e3o; elaborar estat\u00edsticas gerais, sem que haja identifica\u00e7\u00e3o dos utilizadores, responder \u00e0s d\u00favidas e solicita\u00e7\u00f5es do pr\u00f3prio utilizador; e ainda para publicidade personalizada.<br><br>Avalia\u00e7\u00e3o dos Membros<br><br>A plataforma poder\u00e1 proporcionar sistemas de avalia\u00e7\u00e3o dos membros, com a finalidade de o utilizador poder avaliar cada um deles.<br><br>Pol\u00edtica de RGPD<br><br>O tratamento dos dados pessoais tem como fundamento de licitude a execu\u00e7\u00e3o de um contrato no qual o titular dos dados \u00e9 parte (artigo 6\u00ba, n.\u00ba 1, al\u00ednea b) do RGPD, e o cumprimento de uma obriga\u00e7\u00e3o legal (artigo 6\u00ba, n.\u00ba 1, al\u00ednea c) do RGPD.<br>Como titular de dados s\u00e3o-lhe assegurados os direitos de acesso, retifica\u00e7\u00e3o, apagamento, limita\u00e7\u00e3o, oposi\u00e7\u00e3o, portabilidade e reclama\u00e7\u00e3o \u00e0 Autoridade de Controlo<br>Caso pretenda que os seus dados pessoais sejam apagados ou deixem de ser utilizados para envio de qualquer tipo de comunica\u00e7\u00e3o, por favor, contacte a iDealBiz atrav\u00e9s de info.pt@brightservices.io.<br><br>Exerc\u00edcio de Direitos sobre os Dados Pessoais<br><br>Nos termos da legisla\u00e7\u00e3o aplic\u00e1vel, nomeadamente o Regulamento Geral de Prote\u00e7\u00e3o de Dados Pessoais, assim como da Lei n.\u00ba 58\/2019, de 8 de agosto, o titular dos dados pessoais tem os seguintes direitos:<br><br>Direito de informa\u00e7\u00e3o: o titular dos dados pessoais tem o direito de obter informa\u00e7\u00e3o precisa de como os seus dados s\u00e3o tratados e assim como de todos os seus direitos e da forma como pode exercer os mesmos.<br><br>Direito de Acesso: O titular dos dados pessoais tem o direito de aceder a todos os dados pessoais recolhidos. No entanto, a iDealBiz, S.A., pode recusar o acesso quando os pedidos sejam manifestamente infundados, excessivos ou repetitivos.<br><br>Direito de Retifica\u00e7\u00e3o: Os titulares dos dados pessoais t\u00eam o direito de retificar os seus dados pessoais se estes se encontrarem incorretos, imprecisos, assim como complet\u00e1-los ou atualiz\u00e1-los.<br><br>Direito de Elimina\u00e7\u00e3o: O titular dos dados pessoais tem o direito de solicitar o apagamento ou a elimina\u00e7\u00e3o dos mesmos. No entanto, pode haver limita\u00e7\u00f5es t\u00e9cnicas que tornem imposs\u00edvel a elimina\u00e7\u00e3o de toda a informa\u00e7\u00e3o dispon\u00edvel. Pode haver ainda fundamentos legais ou de interesse leg\u00edtimo para alguma da informa\u00e7\u00e3o seja guardada.<br> \u00a0<br>Direito de Retirar o consentimento: O titular dos dados pessoais pode a qualquer momento retirar o consentimento de ao tratamento de dados pessoais. Tal n\u00e3o afeta ainda assim o tratamento efetuado com base me consentimento anterior.<br><br>O direito de oposi\u00e7\u00e3o a marketing direto: O titular dos dados pessoais pode solicitar a elimina\u00e7\u00e3o de qualquer subscri\u00e7\u00e3o ou comunica\u00e7\u00e3o de marketing ou de qualquer notifica\u00e7\u00e3o com neste \u00e2mbito.\u00a0<br><br>Direito de limitar e de opor-se ao tratamento dos seus dados pessoais: O titular dos dados pessoais pode opor-se e qualquer momento ao tratamento de dados pessoais quando o mesmo seja motivado por um interesse legitimo. Para o efeito, \u00e9 utilizado a no\u00e7\u00e3o de interesse leg\u00edtimo acima descrita.<br><br>Direito de Portabilidade: O titular dos dados pessoais pode mover, copiar ou transferir os dados da nossa base de dados para outra. Tal, no entanto, apenas diz respeito a dados pessoais que transmitiu, quando o tratamento se basear no seu consentimento, ou em contrato e o tratamento for realizado por meios automatizados.<br><br>Direito de restri\u00e7\u00e3o: O titular dos dados pessoais tem o direito de solicitar a restri\u00e7\u00e3o do tratamento de dados pessoais.<br><br>Direito de queixa ou de reclama\u00e7\u00e3o: O titular dos dados pessoais tem o direito de queixa junto as entidades competentes nomeadamente a Comiss\u00e3o de Prote\u00e7\u00e3o de Dados.\u00a0<br><br>O titular dos dados pessoais pode ainda solicitar \u00e0 iDealBiz, S.A. por meios dos exerc\u00edcios dos seus direitos, utilizando para o efeito os contactos aqui descritos.<br><br>Per\u00edodo de Manuten\u00e7\u00e3o dos Dados Pessoais<br><br>O lapso de tempo em que as informa\u00e7\u00f5es e dados pessoais s\u00e3o armazenados depende do tipo de servi\u00e7os e dura\u00e7\u00e3o da utiliza\u00e7\u00e3o da plataforma pelos membros e demais utilizadores.<br><br>\u00a0Seguran\u00e7a<br><br>A iDealBiz, procura manter e assegurar todas as medidas de seguran\u00e7a adequadas \u00e0 prote\u00e7\u00e3o dos dados pessoais dados, incluindo impedir o acesso n\u00e3o autorizado.<br><br>O sistema de seguran\u00e7a da plataforma \u00e9 submetido a an\u00e1lises peri\u00f3dicas de modo a garantir que que todos os dados pessoais est\u00e3o protegidos. Por\u00e9m n\u00e3o podemos assegurar total e completamente a seguran\u00e7a dos seus dados na medida em que a Internet n\u00e3o \u00e9 total e completamente segura.<br><br>Confidencialidade<br><br>A iDealBiz respeita integralmente a confidencialidade da informa\u00e7\u00e3o que \u00e9 transmitida pelos titulares dos dados pessoais. Deste modo n\u00e3o vendemos, distribu\u00edmos ou disponibilizamos a sua informa\u00e7\u00e3o comercialmente a terceiros.\u00a0<br><br>Hiperliga\u00e7\u00f5es\u00a0\u00a0<br><br>Quando existir alguma hiperliga\u00e7\u00e3o a outro\u00a0website, operado por terceiros, a iDealBiz S.A n\u00e3o aceita qualquer responsabilidade decorrente de qualquer conte\u00fado, informa\u00e7\u00e3o ou transa\u00e7\u00e3o efetuada no referido site. A presen\u00e7a de um\u00a0link\u00a0neste\u00a0website\u00a0n\u00e3o deve ser considerada como uma recomenda\u00e7\u00e3o de outros\u00a0websites\u00a0pela iDealBiz S.A.<br><br>A iDealBiz pode, a qualquer momento, retirar a permiss\u00e3o para usar estes\u00a0links.<br><br>Pol\u00edtica de\u00a0Cookies<br><br>A plataforma utiliza\u00a0cookies\u00a0para gerir as sess\u00f5es dos nossos utilizadores, para armazenar as suas prefer\u00eancias, o idioma preferido e mostrar-lhe an\u00fancios relevantes.<br><br>Os\u00a0cookies\u00a0s\u00e3o pequenos ficheiros de texto que um\u00a0website\u00a0instala no seu computador ou dispositivo pelo qual acede ao\u00a0website. Os\u00a0Cookies\u00a0permitem que, durante determinado per\u00edodo, o\u00a0website\u00a0se recorde das suas a\u00e7\u00f5es e prefer\u00eancias de navega\u00e7\u00e3o, pelo que s\u00e3o utilizados por n\u00f3s para processar e gerir da forma mais eficiente os seus pedidos, bem como para desenvolver e melhorar os nossos servi\u00e7os e o funcionamento deste\u00a0website.<br><br>Em tra\u00e7os gerais, os\u00a0Cookies\u00a0n\u00e3o incluem detalhes que possam ser utilizados para o identificar, apenas ao computador \/ dispositivo que esteja a utilizar.<br><br>O utilizador tem, a qualquer momento, a possibilidade de configurar o seu navegador para aceitar todos os\u00a0Cookies, para notific\u00e1-lo quando um Cookie\u00a0\u00e9 emitido ou para n\u00e3o receber quaisquer Cookies. A forma como faz isso depende do navegador (web browser) que utiliza.<br><br>Pode consultar a fun\u00e7\u00e3o \u201cAjuda\u201d do seu navegador. Se aceitar Cookies, eles podem permanecer no seu computador por muitos anos, a menos que os elimine. Caso desligue os Cookies\u00a0poder\u00e1 ficar limitado com o uso de sites em geral. Os\u00a0Cookies\u00a0utilizados neste\u00a0website\u00a0s\u00e3o as seguintes: essenciais, estat\u00edsticos, maketing, funcionalidades, prefer\u00eancias.<br><br>Contactos:<br><br>Encarregado de Prote\u00e7\u00e3o de Dados: iDealBiz S.A.<br><br>Morada: Eirena Business Center; Rua Casal Cego CCI; 2420-315 Marrazes, Leiria.<br><br>Correio Eletr\u00f3nico: info.pt@brightservices.io<br><br>Telefone: +351 217996313<\/p><\/div><\/div>\n\n\n\n<div style=\"height:100px\" aria-hidden=\"true\" class=\"wp-block-spacer\"><\/div>\n","protected":false},"excerpt":{"rendered":"","protected":false},"author":1,"featured_media":0,"parent":0,"menu_order":0,"comment_status":"closed","ping_status":"open","template":"","meta":[],"yoast_head":"<!-- This site is optimized with the Yoast SEO plugin v19.2 - https:\/\/yoast.com\/wordpress\/plugins\/seo\/ -->\n<title>Pol\u00edtica de Privacidade - Bright Services PT<\/title>\n<meta name=\"robots\" content=\"index, follow, max-snippet:-1, max-image-preview:large, max-video-preview:-1\" \/>\n<link rel=\"canonical\" href=\"https:\/\/brightservices.io\/pt\/pt\/politica-de-privacidade\/\" \/>\n<meta property=\"og:locale\" content=\"en_US\" \/>\n<meta property=\"og:type\" content=\"article\" \/>\n<meta property=\"og:title\" content=\"Pol\u00edtica de Privacidade - Bright Services PT\" \/>\n<meta property=\"og:url\" content=\"https:\/\/brightservices.io\/pt\/pt\/politica-de-privacidade\/\" \/>\n<meta property=\"og:site_name\" content=\"Bright Services PT\" \/>\n<meta property=\"article:modified_time\" content=\"2022-05-24T10:08:04+00:00\" \/>\n<meta name=\"twitter:card\" content=\"summary_large_image\" \/>\n<meta name=\"twitter:label1\" content=\"Est. reading time\" \/>\n\t<meta name=\"twitter:data1\" content=\"8 minutes\" \/>\n<script type=\"application\/ld+json\" class=\"yoast-schema-graph\">{\"@context\":\"https:\/\/schema.org\",\"@graph\":[{\"@type\":\"WebSite\",\"@id\":\"https:\/\/brightservices.io\/pt\/#website\",\"url\":\"https:\/\/brightservices.io\/pt\/\",\"name\":\"Bright Services PT\",\"description\":\"\",\"potentialAction\":[{\"@type\":\"SearchAction\",\"target\":{\"@type\":\"EntryPoint\",\"urlTemplate\":\"https:\/\/brightservices.io\/pt\/?s={search_term_string}\"},\"query-input\":\"required name=search_term_string\"}],\"inLanguage\":\"en-US\"},{\"@type\":\"WebPage\",\"@id\":\"https:\/\/brightservices.io\/pt\/pt\/politica-de-privacidade\/#webpage\",\"url\":\"https:\/\/brightservices.io\/pt\/pt\/politica-de-privacidade\/\",\"name\":\"Pol\u00edtica de Privacidade - Bright Services PT\",\"isPartOf\":{\"@id\":\"https:\/\/brightservices.io\/pt\/#website\"},\"datePublished\":\"2020-04-29T17:10:52+00:00\",\"dateModified\":\"2022-05-24T10:08:04+00:00\",\"breadcrumb\":{\"@id\":\"https:\/\/brightservices.io\/pt\/pt\/politica-de-privacidade\/#breadcrumb\"},\"inLanguage\":\"en-US\",\"potentialAction\":[{\"@type\":\"ReadAction\",\"target\":[\"https:\/\/brightservices.io\/pt\/pt\/politica-de-privacidade\/\"]}]},{\"@type\":\"BreadcrumbList\",\"@id\":\"https:\/\/brightservices.io\/pt\/pt\/politica-de-privacidade\/#breadcrumb\",\"itemListElement\":[{\"@type\":\"ListItem\",\"position\":1,\"name\":\"Pol\u00edtica de Privacidade\"}]}]}<\/script>\n<!-- \/ Yoast SEO plugin. -->","yoast_head_json":{"title":"Pol\u00edtica de Privacidade - Bright Services PT","robots":{"index":"index","follow":"follow","max-snippet":"max-snippet:-1","max-image-preview":"max-image-preview:large","max-video-preview":"max-video-preview:-1"},"canonical":"https:\/\/brightservices.io\/pt\/pt\/politica-de-privacidade\/","og_locale":"en_US","og_type":"article","og_title":"Pol\u00edtica de Privacidade - Bright Services PT","og_url":"https:\/\/brightservices.io\/pt\/pt\/politica-de-privacidade\/","og_site_name":"Bright Services PT","article_modified_time":"2022-05-24T10:08:04+00:00","twitter_card":"summary_large_image","twitter_misc":{"Est. reading time":"8 minutes"},"schema":{"@context":"https:\/\/schema.org","@graph":[{"@type":"WebSite","@id":"https:\/\/brightservices.io\/pt\/#website","url":"https:\/\/brightservices.io\/pt\/","name":"Bright Services PT","description":"","potentialAction":[{"@type":"SearchAction","target":{"@type":"EntryPoint","urlTemplate":"https:\/\/brightservices.io\/pt\/?s={search_term_string}"},"query-input":"required name=search_term_string"}],"inLanguage":"en-US"},{"@type":"WebPage","@id":"https:\/\/brightservices.io\/pt\/pt\/politica-de-privacidade\/#webpage","url":"https:\/\/brightservices.io\/pt\/pt\/politica-de-privacidade\/","name":"Pol\u00edtica de Privacidade - Bright Services PT","isPartOf":{"@id":"https:\/\/brightservices.io\/pt\/#website"},"datePublished":"2020-04-29T17:10:52+00:00","dateModified":"2022-05-24T10:08:04+00:00","breadcrumb":{"@id":"https:\/\/brightservices.io\/pt\/pt\/politica-de-privacidade\/#breadcrumb"},"inLanguage":"en-US","potentialAction":[{"@type":"ReadAction","target":["https:\/\/brightservices.io\/pt\/pt\/politica-de-privacidade\/"]}]},{"@type":"BreadcrumbList","@id":"https:\/\/brightservices.io\/pt\/pt\/politica-de-privacidade\/#breadcrumb","itemListElement":[{"@type":"ListItem","position":1,"name":"Pol\u00edtica de Privacidade"}]}]}},"_links":{"self":[{"href":"https:\/\/brightservices.io\/pt\/wp-json\/wp\/v2\/pages\/4901"}],"collection":[{"href":"https:\/\/brightservices.io\/pt\/wp-json\/wp\/v2\/pages"}],"about":[{"href":"https:\/\/brightservices.io\/pt\/wp-json\/wp\/v2\/types\/page"}],"author":[{"embeddable":true,"href":"https:\/\/brightservices.io\/pt\/wp-json\/wp\/v2\/users\/1"}],"replies":[{"embeddable":true,"href":"https:\/\/brightservices.io\/pt\/wp-json\/wp\/v2\/comments?post=4901"}],"version-history":[{"count":0,"href":"https:\/\/brightservices.io\/pt\/wp-json\/wp\/v2\/pages\/4901\/revisions"}],"wp:attachment":[{"href":"https:\/\/brightservices.io\/pt\/wp-json\/wp\/v2\/media?parent=4901"}],"curies":[{"name":"wp","href":"https:\/\/api.w.org\/{rel}","templated":true}]}}